{"id":1769,"date":"2025-01-29T02:01:52","date_gmt":"2025-01-29T05:01:52","guid":{"rendered":"https:\/\/kilhas.com.br\/shop\/?post_type=product&#038;p=1769"},"modified":"2025-12-20T09:45:18","modified_gmt":"2025-12-20T12:45:18","slug":"maio-baby-moon-vermelho-biodegradavel","status":"publish","type":"product","link":"https:\/\/kilhas.com.br\/shop\/produto\/maio-baby-moon-vermelho-biodegradavel\/","title":{"rendered":"mai\u00f4 baby moon (vermelho) ~ biodegrad\u00e1vel"},"content":{"rendered":"","protected":false},"excerpt":{"rendered":"<p>Mai\u00f4 com mangas curtas, forro duplo e design recortado nas costas. Um modelo que une conforto e estilo para diversas atividades e ocasi\u00f5es, proporcionando ainda versatilidade para ser usado de diferentes formas na parte de tr\u00e1s: mais ajustado ao corpo ou com maior cobertura, como mostrado nas fotos.<br \/>\n&#8211;<br \/>\nFeito com<strong> tecido biodegrad\u00e1vel, <\/strong>cuidadosamente produzido para reduzir o impacto ambiental. Diferente de muitos tecidos convencionais, o nosso<strong> n\u00e3o cont\u00e9m pl\u00e1stico<\/strong>, refletindo nosso compromisso com a sustentabilidade e o meio ambiente. Aqui est\u00e3o alguns outros benef\u00edcios do nosso material:<\/p>\n<ul>\n<li><strong>Decomposi\u00e7\u00e3o r\u00e1pida:<\/strong> em condi\u00e7\u00f5es ideais de descarte, o tecido leva apenas <strong>3 anos<\/strong> para se decompor e se transformar em adubo para o solo, enquanto tecidos convencionais (lycra comum) podem levar de <strong>70 a 100 anos<\/strong>.<\/li>\n<\/ul>\n<ul>\n<li><strong>Prote\u00e7\u00e3o UV:<\/strong> prote\u00e7\u00e3o contra raios ultravioleta, cuidando da sua pele enquanto voc\u00ea aproveita o sol.<\/li>\n<\/ul>\n<ul>\n<li><strong>Livre de produtos t\u00f3xicos: <\/strong>isento de subst\u00e2ncias nocivas para a pele, com certifica\u00e7\u00e3o internacional <strong>OEKO-TEX\u00ae<\/strong>.<\/li>\n<\/ul>\n<ul>\n<li><strong>Uso consciente de recursos:<\/strong> tingimento e estamparia feitos com <strong>\u00e1gua de reuso<\/strong>, reduzindo o impacto ambiental.<\/li>\n<\/ul>\n<ul>\n<li><strong>Conforto e leveza:<\/strong> tecido extremamente leve, suave e macio, proporcionando m\u00e1ximo conforto e liberdade de movimentos.<\/li>\n<\/ul>\n<p><strong>Composi\u00e7\u00e3o<\/strong><\/p>\n<ul>\n<li>87% poliamida<\/li>\n<li>13% elastano<\/li>\n<\/ul>\n<p><strong>Cuidados<\/strong><\/p>\n<ul>\n<li>Lavar \u00e0 m\u00e3o com sab\u00e3o neutro.<\/li>\n<li>Secar \u00e0 sombra.<\/li>\n<li>N\u00e3o usar secadora, ferro de passar ou alvejante \u00e0 base de cloro.<\/li>\n<\/ul>\n<p><strong>Medidas<\/strong><\/p>\n<p>Ambas as modelos vestem P. Para mais informa\u00e7\u00f5es, confira nosso Guia de Medidas ou entre em contato via WhatsApp para esclarecer qualquer d\u00favida.<\/p>\n<p><strong>Escolher a Kilhas \u00e9 vestir prop\u00f3sito<\/strong><\/p>\n<p>Al\u00e9m de estilo, conforto, atitude e autenticidade, voc\u00ea veste e apoia pr\u00e1ticas respons\u00e1veis, conectando-se a um movimento que valoriza o meio ambiente e as comunidades locais. <strong>Saiba mais sobre nossa hist\u00f3ria clicando em &#8220;Sobre&#8221;.<\/strong><\/p>\n<p>Produzido no Rio de Janeiro, Brasil.<\/p>\n<p><strong>Kilhas | Biodegradable Swimwear | Support Your Local<\/strong><\/p>\n","protected":false},"featured_media":1913,"template":"","meta":{"_exactmetrics_skip_tracking":false,"_exactmetrics_sitenote_active":false,"_exactmetrics_sitenote_note":"","_exactmetrics_sitenote_category":0},"product_brand":[],"product_cat":[30,63],"product_tag":[],"class_list":{"0":"post-1769","1":"product","2":"type-product","3":"status-publish","4":"has-post-thumbnail","6":"product_cat-maios","7":"product_cat-tudo","8":"pif-has-gallery","10":"first","11":"instock","12":"shipping-taxable","13":"purchasable","14":"product-type-variable"},"yoast_head":"<!-- This site is optimized with the Yoast SEO plugin v27.4 - https:\/\/yoast.com\/product\/yoast-seo-wordpress\/ -->\n<title>mai\u00f4 baby moon (vermelho) ~ biodegrad\u00e1vel - Kilhas<\/title>\n<meta name=\"robots\" content=\"index, follow, max-snippet:-1, max-image-preview:large, max-video-preview:-1\" \/>\n<link rel=\"canonical\" href=\"https:\/\/kilhas.com.br\/shop\/produto\/maio-baby-moon-vermelho-biodegradavel\/\" \/>\n<meta property=\"og:locale\" content=\"pt_BR\" \/>\n<meta property=\"og:type\" content=\"article\" \/>\n<meta property=\"og:title\" content=\"mai\u00f4 baby moon (vermelho) ~ biodegrad\u00e1vel - Kilhas\" \/>\n<meta property=\"og:description\" content=\"Mai\u00f4 com mangas curtas, forro duplo e design recortado nas costas. Um modelo que une conforto e estilo para diversas atividades e ocasi\u00f5es, proporcionando ainda versatilidade para ser usado de diferentes formas na parte de tr\u00e1s: mais ajustado ao corpo ou com maior cobertura, como mostrado nas fotos. - Feito com tecido biodegrad\u00e1vel, cuidadosamente produzido para reduzir o impacto ambiental. Diferente de muitos tecidos convencionais, o nosso n\u00e3o cont\u00e9m pl\u00e1stico, refletindo nosso compromisso com a sustentabilidade e o meio ambiente. Aqui est\u00e3o alguns outros benef\u00edcios do nosso material:   Decomposi\u00e7\u00e3o r\u00e1pida: em condi\u00e7\u00f5es ideais de descarte, o tecido leva apenas 3 anos para se decompor e se transformar em adubo para o solo, enquanto tecidos convencionais (lycra comum) podem levar de 70 a 100 anos.    Prote\u00e7\u00e3o UV: prote\u00e7\u00e3o contra raios ultravioleta, cuidando da sua pele enquanto voc\u00ea aproveita o sol.    Livre de produtos t\u00f3xicos: isento de subst\u00e2ncias nocivas para a pele, com certifica\u00e7\u00e3o internacional OEKO-TEX\u00ae.    Uso consciente de recursos: tingimento e estamparia feitos com \u00e1gua de reuso, reduzindo o impacto ambiental.    Conforto e leveza: tecido extremamente leve, suave e macio, proporcionando m\u00e1ximo conforto e liberdade de movimentos.  Composi\u00e7\u00e3o   87% poliamida  13% elastano  Cuidados   Lavar \u00e0 m\u00e3o com sab\u00e3o neutro.  Secar \u00e0 sombra.  N\u00e3o usar secadora, ferro de passar ou alvejante \u00e0 base de cloro.  Medidas  Ambas as modelos vestem P. Para mais informa\u00e7\u00f5es, confira nosso Guia de Medidas ou entre em contato via WhatsApp para esclarecer qualquer d\u00favida.  Escolher a Kilhas \u00e9 vestir prop\u00f3sito  Al\u00e9m de estilo, conforto, atitude e autenticidade, voc\u00ea veste e apoia pr\u00e1ticas respons\u00e1veis, conectando-se a um movimento que valoriza o meio ambiente e as comunidades locais. Saiba mais sobre nossa hist\u00f3ria clicando em &quot;Sobre&quot;.  Produzido no Rio de Janeiro, Brasil.  Kilhas | Biodegradable Swimwear | Support Your Local\" \/>\n<meta property=\"og:url\" content=\"https:\/\/kilhas.com.br\/shop\/produto\/maio-baby-moon-vermelho-biodegradavel\/\" \/>\n<meta property=\"og:site_name\" content=\"Kilhas\" \/>\n<meta property=\"article:publisher\" content=\"https:\/\/www.facebook.com\/kilhassurf\/\" \/>\n<meta property=\"article:modified_time\" content=\"2025-12-20T12:45:18+00:00\" \/>\n<meta property=\"og:image\" content=\"https:\/\/kilhas.com.br\/shop\/wp-content\/uploads\/2025\/01\/1I7A6522.jpg\" \/>\n\t<meta property=\"og:image:width\" content=\"1366\" \/>\n\t<meta property=\"og:image:height\" content=\"2048\" \/>\n\t<meta property=\"og:image:type\" content=\"image\/jpeg\" \/>\n<meta name=\"twitter:card\" content=\"summary_large_image\" \/>\n<meta name=\"twitter:label1\" content=\"Est. tempo de leitura\" \/>\n\t<meta name=\"twitter:data1\" content=\"1 minuto\" \/>\n<script type=\"application\/ld+json\" class=\"yoast-schema-graph\">{\"@context\":\"https:\\\/\\\/schema.org\",\"@graph\":[{\"@type\":\"WebPage\",\"@id\":\"https:\\\/\\\/kilhas.com.br\\\/shop\\\/produto\\\/maio-baby-moon-vermelho-biodegradavel\\\/\",\"url\":\"https:\\\/\\\/kilhas.com.br\\\/shop\\\/produto\\\/maio-baby-moon-vermelho-biodegradavel\\\/\",\"name\":\"mai\u00f4 baby moon (vermelho) ~ biodegrad\u00e1vel - Kilhas\",\"isPartOf\":{\"@id\":\"https:\\\/\\\/kilhas.com.br\\\/shop\\\/#website\"},\"primaryImageOfPage\":{\"@id\":\"https:\\\/\\\/kilhas.com.br\\\/shop\\\/produto\\\/maio-baby-moon-vermelho-biodegradavel\\\/#primaryimage\"},\"image\":{\"@id\":\"https:\\\/\\\/kilhas.com.br\\\/shop\\\/produto\\\/maio-baby-moon-vermelho-biodegradavel\\\/#primaryimage\"},\"thumbnailUrl\":\"https:\\\/\\\/kilhas.com.br\\\/shop\\\/wp-content\\\/uploads\\\/2025\\\/01\\\/1I7A6522.jpg\",\"datePublished\":\"2025-01-29T05:01:52+00:00\",\"dateModified\":\"2025-12-20T12:45:18+00:00\",\"breadcrumb\":{\"@id\":\"https:\\\/\\\/kilhas.com.br\\\/shop\\\/produto\\\/maio-baby-moon-vermelho-biodegradavel\\\/#breadcrumb\"},\"inLanguage\":\"pt-BR\",\"potentialAction\":[{\"@type\":\"ReadAction\",\"target\":[\"https:\\\/\\\/kilhas.com.br\\\/shop\\\/produto\\\/maio-baby-moon-vermelho-biodegradavel\\\/\"]}]},{\"@type\":\"ImageObject\",\"inLanguage\":\"pt-BR\",\"@id\":\"https:\\\/\\\/kilhas.com.br\\\/shop\\\/produto\\\/maio-baby-moon-vermelho-biodegradavel\\\/#primaryimage\",\"url\":\"https:\\\/\\\/kilhas.com.br\\\/shop\\\/wp-content\\\/uploads\\\/2025\\\/01\\\/1I7A6522.jpg\",\"contentUrl\":\"https:\\\/\\\/kilhas.com.br\\\/shop\\\/wp-content\\\/uploads\\\/2025\\\/01\\\/1I7A6522.jpg\",\"width\":1366,\"height\":2048},{\"@type\":\"BreadcrumbList\",\"@id\":\"https:\\\/\\\/kilhas.com.br\\\/shop\\\/produto\\\/maio-baby-moon-vermelho-biodegradavel\\\/#breadcrumb\",\"itemListElement\":[{\"@type\":\"ListItem\",\"position\":1,\"name\":\"In\u00edcio\",\"item\":\"https:\\\/\\\/kilhas.com.br\\\/shop\\\/\"},{\"@type\":\"ListItem\",\"position\":2,\"name\":\"Loja\",\"item\":\"https:\\\/\\\/kilhas.com.br\\\/shop\\\/\"},{\"@type\":\"ListItem\",\"position\":3,\"name\":\"mai\u00f4 baby moon (vermelho) ~ biodegrad\u00e1vel\"}]},{\"@type\":\"WebSite\",\"@id\":\"https:\\\/\\\/kilhas.com.br\\\/shop\\\/#website\",\"url\":\"https:\\\/\\\/kilhas.com.br\\\/shop\\\/\",\"name\":\"Kilhas\",\"description\":\"\",\"publisher\":{\"@id\":\"https:\\\/\\\/kilhas.com.br\\\/shop\\\/#organization\"},\"potentialAction\":[{\"@type\":\"SearchAction\",\"target\":{\"@type\":\"EntryPoint\",\"urlTemplate\":\"https:\\\/\\\/kilhas.com.br\\\/shop\\\/?s={search_term_string}\"},\"query-input\":{\"@type\":\"PropertyValueSpecification\",\"valueRequired\":true,\"valueName\":\"search_term_string\"}}],\"inLanguage\":\"pt-BR\"},{\"@type\":\"Organization\",\"@id\":\"https:\\\/\\\/kilhas.com.br\\\/shop\\\/#organization\",\"name\":\"Kilhas\",\"url\":\"https:\\\/\\\/kilhas.com.br\\\/shop\\\/\",\"logo\":{\"@type\":\"ImageObject\",\"inLanguage\":\"pt-BR\",\"@id\":\"https:\\\/\\\/kilhas.com.br\\\/shop\\\/#\\\/schema\\\/logo\\\/image\\\/\",\"url\":\"https:\\\/\\\/kilhas.com.br\\\/shop\\\/wp-content\\\/uploads\\\/2020\\\/10\\\/ADESIVOKILHAS-redondo-alta.png\",\"contentUrl\":\"https:\\\/\\\/kilhas.com.br\\\/shop\\\/wp-content\\\/uploads\\\/2020\\\/10\\\/ADESIVOKILHAS-redondo-alta.png\",\"width\":1416,\"height\":1416,\"caption\":\"Kilhas\"},\"image\":{\"@id\":\"https:\\\/\\\/kilhas.com.br\\\/shop\\\/#\\\/schema\\\/logo\\\/image\\\/\"},\"sameAs\":[\"https:\\\/\\\/www.facebook.com\\\/kilhassurf\\\/\",\"https:\\\/\\\/www.instagram.com\\\/kilhassurf\\\/\",\"https:\\\/\\\/www.youtube.com\\\/channel\\\/UC3YaLQ1yULA7lIZ1TOHOIsg\"]}]}<\/script>\n<!-- \/ Yoast SEO plugin. -->","yoast_head_json":{"title":"mai\u00f4 baby moon (vermelho) ~ biodegrad\u00e1vel - Kilhas","robots":{"index":"index","follow":"follow","max-snippet":"max-snippet:-1","max-image-preview":"max-image-preview:large","max-video-preview":"max-video-preview:-1"},"canonical":"https:\/\/kilhas.com.br\/shop\/produto\/maio-baby-moon-vermelho-biodegradavel\/","og_locale":"pt_BR","og_type":"article","og_title":"mai\u00f4 baby moon (vermelho) ~ biodegrad\u00e1vel - Kilhas","og_description":"Mai\u00f4 com mangas curtas, forro duplo e design recortado nas costas. Um modelo que une conforto e estilo para diversas atividades e ocasi\u00f5es, proporcionando ainda versatilidade para ser usado de diferentes formas na parte de tr\u00e1s: mais ajustado ao corpo ou com maior cobertura, como mostrado nas fotos. - Feito com tecido biodegrad\u00e1vel, cuidadosamente produzido para reduzir o impacto ambiental. Diferente de muitos tecidos convencionais, o nosso n\u00e3o cont\u00e9m pl\u00e1stico, refletindo nosso compromisso com a sustentabilidade e o meio ambiente. Aqui est\u00e3o alguns outros benef\u00edcios do nosso material:   Decomposi\u00e7\u00e3o r\u00e1pida: em condi\u00e7\u00f5es ideais de descarte, o tecido leva apenas 3 anos para se decompor e se transformar em adubo para o solo, enquanto tecidos convencionais (lycra comum) podem levar de 70 a 100 anos.    Prote\u00e7\u00e3o UV: prote\u00e7\u00e3o contra raios ultravioleta, cuidando da sua pele enquanto voc\u00ea aproveita o sol.    Livre de produtos t\u00f3xicos: isento de subst\u00e2ncias nocivas para a pele, com certifica\u00e7\u00e3o internacional OEKO-TEX\u00ae.    Uso consciente de recursos: tingimento e estamparia feitos com \u00e1gua de reuso, reduzindo o impacto ambiental.    Conforto e leveza: tecido extremamente leve, suave e macio, proporcionando m\u00e1ximo conforto e liberdade de movimentos.  Composi\u00e7\u00e3o   87% poliamida  13% elastano  Cuidados   Lavar \u00e0 m\u00e3o com sab\u00e3o neutro.  Secar \u00e0 sombra.  N\u00e3o usar secadora, ferro de passar ou alvejante \u00e0 base de cloro.  Medidas  Ambas as modelos vestem P. Para mais informa\u00e7\u00f5es, confira nosso Guia de Medidas ou entre em contato via WhatsApp para esclarecer qualquer d\u00favida.  Escolher a Kilhas \u00e9 vestir prop\u00f3sito  Al\u00e9m de estilo, conforto, atitude e autenticidade, voc\u00ea veste e apoia pr\u00e1ticas respons\u00e1veis, conectando-se a um movimento que valoriza o meio ambiente e as comunidades locais. Saiba mais sobre nossa hist\u00f3ria clicando em \"Sobre\".  Produzido no Rio de Janeiro, Brasil.  Kilhas | Biodegradable Swimwear | Support Your Local","og_url":"https:\/\/kilhas.com.br\/shop\/produto\/maio-baby-moon-vermelho-biodegradavel\/","og_site_name":"Kilhas","article_publisher":"https:\/\/www.facebook.com\/kilhassurf\/","article_modified_time":"2025-12-20T12:45:18+00:00","og_image":[{"width":1366,"height":2048,"url":"https:\/\/kilhas.com.br\/shop\/wp-content\/uploads\/2025\/01\/1I7A6522.jpg","type":"image\/jpeg"}],"twitter_card":"summary_large_image","twitter_misc":{"Est. tempo de leitura":"1 minuto"},"schema":{"@context":"https:\/\/schema.org","@graph":[{"@type":"WebPage","@id":"https:\/\/kilhas.com.br\/shop\/produto\/maio-baby-moon-vermelho-biodegradavel\/","url":"https:\/\/kilhas.com.br\/shop\/produto\/maio-baby-moon-vermelho-biodegradavel\/","name":"mai\u00f4 baby moon (vermelho) ~ biodegrad\u00e1vel - Kilhas","isPartOf":{"@id":"https:\/\/kilhas.com.br\/shop\/#website"},"primaryImageOfPage":{"@id":"https:\/\/kilhas.com.br\/shop\/produto\/maio-baby-moon-vermelho-biodegradavel\/#primaryimage"},"image":{"@id":"https:\/\/kilhas.com.br\/shop\/produto\/maio-baby-moon-vermelho-biodegradavel\/#primaryimage"},"thumbnailUrl":"https:\/\/kilhas.com.br\/shop\/wp-content\/uploads\/2025\/01\/1I7A6522.jpg","datePublished":"2025-01-29T05:01:52+00:00","dateModified":"2025-12-20T12:45:18+00:00","breadcrumb":{"@id":"https:\/\/kilhas.com.br\/shop\/produto\/maio-baby-moon-vermelho-biodegradavel\/#breadcrumb"},"inLanguage":"pt-BR","potentialAction":[{"@type":"ReadAction","target":["https:\/\/kilhas.com.br\/shop\/produto\/maio-baby-moon-vermelho-biodegradavel\/"]}]},{"@type":"ImageObject","inLanguage":"pt-BR","@id":"https:\/\/kilhas.com.br\/shop\/produto\/maio-baby-moon-vermelho-biodegradavel\/#primaryimage","url":"https:\/\/kilhas.com.br\/shop\/wp-content\/uploads\/2025\/01\/1I7A6522.jpg","contentUrl":"https:\/\/kilhas.com.br\/shop\/wp-content\/uploads\/2025\/01\/1I7A6522.jpg","width":1366,"height":2048},{"@type":"BreadcrumbList","@id":"https:\/\/kilhas.com.br\/shop\/produto\/maio-baby-moon-vermelho-biodegradavel\/#breadcrumb","itemListElement":[{"@type":"ListItem","position":1,"name":"In\u00edcio","item":"https:\/\/kilhas.com.br\/shop\/"},{"@type":"ListItem","position":2,"name":"Loja","item":"https:\/\/kilhas.com.br\/shop\/"},{"@type":"ListItem","position":3,"name":"mai\u00f4 baby moon (vermelho) ~ biodegrad\u00e1vel"}]},{"@type":"WebSite","@id":"https:\/\/kilhas.com.br\/shop\/#website","url":"https:\/\/kilhas.com.br\/shop\/","name":"Kilhas","description":"","publisher":{"@id":"https:\/\/kilhas.com.br\/shop\/#organization"},"potentialAction":[{"@type":"SearchAction","target":{"@type":"EntryPoint","urlTemplate":"https:\/\/kilhas.com.br\/shop\/?s={search_term_string}"},"query-input":{"@type":"PropertyValueSpecification","valueRequired":true,"valueName":"search_term_string"}}],"inLanguage":"pt-BR"},{"@type":"Organization","@id":"https:\/\/kilhas.com.br\/shop\/#organization","name":"Kilhas","url":"https:\/\/kilhas.com.br\/shop\/","logo":{"@type":"ImageObject","inLanguage":"pt-BR","@id":"https:\/\/kilhas.com.br\/shop\/#\/schema\/logo\/image\/","url":"https:\/\/kilhas.com.br\/shop\/wp-content\/uploads\/2020\/10\/ADESIVOKILHAS-redondo-alta.png","contentUrl":"https:\/\/kilhas.com.br\/shop\/wp-content\/uploads\/2020\/10\/ADESIVOKILHAS-redondo-alta.png","width":1416,"height":1416,"caption":"Kilhas"},"image":{"@id":"https:\/\/kilhas.com.br\/shop\/#\/schema\/logo\/image\/"},"sameAs":["https:\/\/www.facebook.com\/kilhassurf\/","https:\/\/www.instagram.com\/kilhassurf\/","https:\/\/www.youtube.com\/channel\/UC3YaLQ1yULA7lIZ1TOHOIsg"]}]}},"jetpack_sharing_enabled":true,"_links":{"self":[{"href":"https:\/\/kilhas.com.br\/shop\/wp-json\/wp\/v2\/product\/1769","targetHints":{"allow":["GET"]}}],"collection":[{"href":"https:\/\/kilhas.com.br\/shop\/wp-json\/wp\/v2\/product"}],"about":[{"href":"https:\/\/kilhas.com.br\/shop\/wp-json\/wp\/v2\/types\/product"}],"wp:featuredmedia":[{"embeddable":true,"href":"https:\/\/kilhas.com.br\/shop\/wp-json\/wp\/v2\/media\/1913"}],"wp:attachment":[{"href":"https:\/\/kilhas.com.br\/shop\/wp-json\/wp\/v2\/media?parent=1769"}],"wp:term":[{"taxonomy":"product_brand","embeddable":true,"href":"https:\/\/kilhas.com.br\/shop\/wp-json\/wp\/v2\/product_brand?post=1769"},{"taxonomy":"product_cat","embeddable":true,"href":"https:\/\/kilhas.com.br\/shop\/wp-json\/wp\/v2\/product_cat?post=1769"},{"taxonomy":"product_tag","embeddable":true,"href":"https:\/\/kilhas.com.br\/shop\/wp-json\/wp\/v2\/product_tag?post=1769"}],"curies":[{"name":"wp","href":"https:\/\/api.w.org\/{rel}","templated":true}]}}