{"id":763,"date":"2021-11-11T04:24:27","date_gmt":"2021-11-11T07:24:27","guid":{"rendered":"https:\/\/kilhas.com.br\/shop\/?post_type=product&#038;p=763"},"modified":"2025-11-24T17:57:34","modified_gmt":"2025-11-24T20:57:34","slug":"calcinha-lady-in-black-biodegradavel","status":"publish","type":"product","link":"https:\/\/kilhas.com.br\/shop\/produto\/calcinha-lady-in-black-biodegradavel\/","title":{"rendered":"calcinha lady in black biodegrad\u00e1vel"},"content":{"rendered":"","protected":false},"excerpt":{"rendered":"<p>Calcinha hot pants. Feita com lycra biodegrad\u00e1vel, tecido que possui excepcional conforto durante o uso.<\/p>\n<p><strong><u>Tecido Ecol\u00f3gico<\/u><\/strong><\/p>\n<p>Feito em <strong>lycra biodegrad\u00e1vel<\/strong>, aonde a sua inovadora tecnologia permite que o tecido se decomponha em cerca de 3 anos ap\u00f3s ser corretamente descartado em aterros sanit\u00e1rios. Ao passo que, pe\u00e7as que utilizam lycra comum (poliamida) demoram entre 70 a 100 anos para se decompor.<\/p>\n<p><strong>Isento de produtos t\u00f3xicos.<\/strong> Certificac\u00e7\u00e3o internacional <strong>OEKO-TEX\u00ae<\/strong><\/p>\n<p>Na produ\u00e7\u00e3o deste tecido foi utilizada <strong>\u00e1gua de reuso.<\/strong><\/p>\n<p>Possui <strong>prote\u00e7\u00e3o UV 50+<\/strong> contra radia\u00e7\u00e3o ultravioleta.<\/p>\n<p><strong><u>Composi\u00e7\u00e3o<\/u><\/strong><\/p>\n<ul>\n<li>87% poliamida<\/li>\n<li>13% elastano<\/li>\n<\/ul>\n<p><strong><u>Cuidados<\/u><\/strong><\/p>\n<ul>\n<li>Lavar \u00e0 m\u00e3o.<\/li>\n<li>N\u00e3o passar.<\/li>\n<li>N\u00e3o usar secadora.<\/li>\n<li>N\u00e3o passar alvejante \u00e0 base de cloro.<\/li>\n<li>N\u00e3o lavar \u00e0 seco.<\/li>\n<\/ul>\n<p><strong><u>Medidas<\/u><\/strong><\/p>\n<p>A modelo veste P; mede 1,56cm e pesa 51kg.<br \/>\n&#8211;<br \/>\nProduzido no Rio de Janeiro, Brasil. #SupportYourLocal<\/p>\n","protected":false},"featured_media":909,"template":"","meta":{"_exactmetrics_skip_tracking":false,"_exactmetrics_sitenote_active":false,"_exactmetrics_sitenote_note":"","_exactmetrics_sitenote_category":0},"product_brand":[],"product_cat":[20,63],"product_tag":[],"class_list":{"0":"post-763","1":"product","2":"type-product","3":"status-publish","4":"has-post-thumbnail","6":"product_cat-biquinis","7":"product_cat-tudo","8":"pif-has-gallery","10":"first","11":"instock","12":"sale","13":"shipping-taxable","14":"purchasable","15":"product-type-variable"},"yoast_head":"<!-- This site is optimized with the Yoast SEO plugin v27.4 - https:\/\/yoast.com\/product\/yoast-seo-wordpress\/ -->\n<title>calcinha lady in black biodegrad\u00e1vel - Kilhas<\/title>\n<meta name=\"robots\" content=\"index, follow, max-snippet:-1, max-image-preview:large, max-video-preview:-1\" \/>\n<link rel=\"canonical\" href=\"https:\/\/kilhas.com.br\/shop\/produto\/calcinha-lady-in-black-biodegradavel\/\" \/>\n<meta property=\"og:locale\" content=\"pt_BR\" \/>\n<meta property=\"og:type\" content=\"article\" \/>\n<meta property=\"og:title\" content=\"calcinha lady in black biodegrad\u00e1vel - Kilhas\" \/>\n<meta property=\"og:description\" content=\"Calcinha hot pants. Feita com lycra biodegrad\u00e1vel, tecido que possui excepcional conforto durante o uso.  Tecido Ecol\u00f3gico  Feito em lycra biodegrad\u00e1vel, aonde a sua inovadora tecnologia permite que o tecido se decomponha em cerca de 3 anos ap\u00f3s ser corretamente descartado em aterros sanit\u00e1rios. Ao passo que, pe\u00e7as que utilizam lycra comum (poliamida) demoram entre 70 a 100 anos para se decompor.  Isento de produtos t\u00f3xicos. Certificac\u00e7\u00e3o internacional OEKO-TEX\u00ae  Na produ\u00e7\u00e3o deste tecido foi utilizada \u00e1gua de reuso.  Possui prote\u00e7\u00e3o UV 50+ contra radia\u00e7\u00e3o ultravioleta.  Composi\u00e7\u00e3o   87% poliamida  13% elastano  Cuidados   Lavar \u00e0 m\u00e3o.  N\u00e3o passar.  N\u00e3o usar secadora.  N\u00e3o passar alvejante \u00e0 base de cloro.  N\u00e3o lavar \u00e0 seco.  Medidas  A modelo veste P; mede 1,56cm e pesa 51kg. - Produzido no Rio de Janeiro, Brasil. #SupportYourLocal\" \/>\n<meta property=\"og:url\" content=\"https:\/\/kilhas.com.br\/shop\/produto\/calcinha-lady-in-black-biodegradavel\/\" \/>\n<meta property=\"og:site_name\" content=\"Kilhas\" \/>\n<meta property=\"article:publisher\" content=\"https:\/\/www.facebook.com\/kilhassurf\/\" \/>\n<meta property=\"article:modified_time\" content=\"2025-11-24T20:57:34+00:00\" \/>\n<meta property=\"og:image\" content=\"https:\/\/kilhas.com.br\/shop\/wp-content\/uploads\/2021\/11\/IMG_8638-scaled.jpg\" \/>\n\t<meta property=\"og:image:width\" content=\"1707\" \/>\n\t<meta property=\"og:image:height\" content=\"2560\" \/>\n\t<meta property=\"og:image:type\" content=\"image\/jpeg\" \/>\n<meta name=\"twitter:card\" content=\"summary_large_image\" \/>\n<meta name=\"twitter:label1\" content=\"Est. tempo de leitura\" \/>\n\t<meta name=\"twitter:data1\" content=\"1 minuto\" \/>\n<script type=\"application\/ld+json\" class=\"yoast-schema-graph\">{\"@context\":\"https:\\\/\\\/schema.org\",\"@graph\":[{\"@type\":\"WebPage\",\"@id\":\"https:\\\/\\\/kilhas.com.br\\\/shop\\\/produto\\\/calcinha-lady-in-black-biodegradavel\\\/\",\"url\":\"https:\\\/\\\/kilhas.com.br\\\/shop\\\/produto\\\/calcinha-lady-in-black-biodegradavel\\\/\",\"name\":\"calcinha lady in black biodegrad\u00e1vel - Kilhas\",\"isPartOf\":{\"@id\":\"https:\\\/\\\/kilhas.com.br\\\/shop\\\/#website\"},\"primaryImageOfPage\":{\"@id\":\"https:\\\/\\\/kilhas.com.br\\\/shop\\\/produto\\\/calcinha-lady-in-black-biodegradavel\\\/#primaryimage\"},\"image\":{\"@id\":\"https:\\\/\\\/kilhas.com.br\\\/shop\\\/produto\\\/calcinha-lady-in-black-biodegradavel\\\/#primaryimage\"},\"thumbnailUrl\":\"https:\\\/\\\/kilhas.com.br\\\/shop\\\/wp-content\\\/uploads\\\/2021\\\/11\\\/IMG_8638-scaled.jpg\",\"datePublished\":\"2021-11-11T07:24:27+00:00\",\"dateModified\":\"2025-11-24T20:57:34+00:00\",\"breadcrumb\":{\"@id\":\"https:\\\/\\\/kilhas.com.br\\\/shop\\\/produto\\\/calcinha-lady-in-black-biodegradavel\\\/#breadcrumb\"},\"inLanguage\":\"pt-BR\",\"potentialAction\":[{\"@type\":\"ReadAction\",\"target\":[\"https:\\\/\\\/kilhas.com.br\\\/shop\\\/produto\\\/calcinha-lady-in-black-biodegradavel\\\/\"]}]},{\"@type\":\"ImageObject\",\"inLanguage\":\"pt-BR\",\"@id\":\"https:\\\/\\\/kilhas.com.br\\\/shop\\\/produto\\\/calcinha-lady-in-black-biodegradavel\\\/#primaryimage\",\"url\":\"https:\\\/\\\/kilhas.com.br\\\/shop\\\/wp-content\\\/uploads\\\/2021\\\/11\\\/IMG_8638-scaled.jpg\",\"contentUrl\":\"https:\\\/\\\/kilhas.com.br\\\/shop\\\/wp-content\\\/uploads\\\/2021\\\/11\\\/IMG_8638-scaled.jpg\",\"width\":1707,\"height\":2560},{\"@type\":\"BreadcrumbList\",\"@id\":\"https:\\\/\\\/kilhas.com.br\\\/shop\\\/produto\\\/calcinha-lady-in-black-biodegradavel\\\/#breadcrumb\",\"itemListElement\":[{\"@type\":\"ListItem\",\"position\":1,\"name\":\"In\u00edcio\",\"item\":\"https:\\\/\\\/kilhas.com.br\\\/shop\\\/\"},{\"@type\":\"ListItem\",\"position\":2,\"name\":\"Loja\",\"item\":\"https:\\\/\\\/kilhas.com.br\\\/shop\\\/\"},{\"@type\":\"ListItem\",\"position\":3,\"name\":\"calcinha lady in black biodegrad\u00e1vel\"}]},{\"@type\":\"WebSite\",\"@id\":\"https:\\\/\\\/kilhas.com.br\\\/shop\\\/#website\",\"url\":\"https:\\\/\\\/kilhas.com.br\\\/shop\\\/\",\"name\":\"Kilhas\",\"description\":\"\",\"publisher\":{\"@id\":\"https:\\\/\\\/kilhas.com.br\\\/shop\\\/#organization\"},\"potentialAction\":[{\"@type\":\"SearchAction\",\"target\":{\"@type\":\"EntryPoint\",\"urlTemplate\":\"https:\\\/\\\/kilhas.com.br\\\/shop\\\/?s={search_term_string}\"},\"query-input\":{\"@type\":\"PropertyValueSpecification\",\"valueRequired\":true,\"valueName\":\"search_term_string\"}}],\"inLanguage\":\"pt-BR\"},{\"@type\":\"Organization\",\"@id\":\"https:\\\/\\\/kilhas.com.br\\\/shop\\\/#organization\",\"name\":\"Kilhas\",\"url\":\"https:\\\/\\\/kilhas.com.br\\\/shop\\\/\",\"logo\":{\"@type\":\"ImageObject\",\"inLanguage\":\"pt-BR\",\"@id\":\"https:\\\/\\\/kilhas.com.br\\\/shop\\\/#\\\/schema\\\/logo\\\/image\\\/\",\"url\":\"https:\\\/\\\/kilhas.com.br\\\/shop\\\/wp-content\\\/uploads\\\/2020\\\/10\\\/ADESIVOKILHAS-redondo-alta.png\",\"contentUrl\":\"https:\\\/\\\/kilhas.com.br\\\/shop\\\/wp-content\\\/uploads\\\/2020\\\/10\\\/ADESIVOKILHAS-redondo-alta.png\",\"width\":1416,\"height\":1416,\"caption\":\"Kilhas\"},\"image\":{\"@id\":\"https:\\\/\\\/kilhas.com.br\\\/shop\\\/#\\\/schema\\\/logo\\\/image\\\/\"},\"sameAs\":[\"https:\\\/\\\/www.facebook.com\\\/kilhassurf\\\/\",\"https:\\\/\\\/www.instagram.com\\\/kilhassurf\\\/\",\"https:\\\/\\\/www.youtube.com\\\/channel\\\/UC3YaLQ1yULA7lIZ1TOHOIsg\"]}]}<\/script>\n<!-- \/ Yoast SEO plugin. -->","yoast_head_json":{"title":"calcinha lady in black biodegrad\u00e1vel - Kilhas","robots":{"index":"index","follow":"follow","max-snippet":"max-snippet:-1","max-image-preview":"max-image-preview:large","max-video-preview":"max-video-preview:-1"},"canonical":"https:\/\/kilhas.com.br\/shop\/produto\/calcinha-lady-in-black-biodegradavel\/","og_locale":"pt_BR","og_type":"article","og_title":"calcinha lady in black biodegrad\u00e1vel - Kilhas","og_description":"Calcinha hot pants. Feita com lycra biodegrad\u00e1vel, tecido que possui excepcional conforto durante o uso.  Tecido Ecol\u00f3gico  Feito em lycra biodegrad\u00e1vel, aonde a sua inovadora tecnologia permite que o tecido se decomponha em cerca de 3 anos ap\u00f3s ser corretamente descartado em aterros sanit\u00e1rios. Ao passo que, pe\u00e7as que utilizam lycra comum (poliamida) demoram entre 70 a 100 anos para se decompor.  Isento de produtos t\u00f3xicos. Certificac\u00e7\u00e3o internacional OEKO-TEX\u00ae  Na produ\u00e7\u00e3o deste tecido foi utilizada \u00e1gua de reuso.  Possui prote\u00e7\u00e3o UV 50+ contra radia\u00e7\u00e3o ultravioleta.  Composi\u00e7\u00e3o   87% poliamida  13% elastano  Cuidados   Lavar \u00e0 m\u00e3o.  N\u00e3o passar.  N\u00e3o usar secadora.  N\u00e3o passar alvejante \u00e0 base de cloro.  N\u00e3o lavar \u00e0 seco.  Medidas  A modelo veste P; mede 1,56cm e pesa 51kg. - Produzido no Rio de Janeiro, Brasil. #SupportYourLocal","og_url":"https:\/\/kilhas.com.br\/shop\/produto\/calcinha-lady-in-black-biodegradavel\/","og_site_name":"Kilhas","article_publisher":"https:\/\/www.facebook.com\/kilhassurf\/","article_modified_time":"2025-11-24T20:57:34+00:00","og_image":[{"width":1707,"height":2560,"url":"https:\/\/kilhas.com.br\/shop\/wp-content\/uploads\/2021\/11\/IMG_8638-scaled.jpg","type":"image\/jpeg"}],"twitter_card":"summary_large_image","twitter_misc":{"Est. tempo de leitura":"1 minuto"},"schema":{"@context":"https:\/\/schema.org","@graph":[{"@type":"WebPage","@id":"https:\/\/kilhas.com.br\/shop\/produto\/calcinha-lady-in-black-biodegradavel\/","url":"https:\/\/kilhas.com.br\/shop\/produto\/calcinha-lady-in-black-biodegradavel\/","name":"calcinha lady in black biodegrad\u00e1vel - Kilhas","isPartOf":{"@id":"https:\/\/kilhas.com.br\/shop\/#website"},"primaryImageOfPage":{"@id":"https:\/\/kilhas.com.br\/shop\/produto\/calcinha-lady-in-black-biodegradavel\/#primaryimage"},"image":{"@id":"https:\/\/kilhas.com.br\/shop\/produto\/calcinha-lady-in-black-biodegradavel\/#primaryimage"},"thumbnailUrl":"https:\/\/kilhas.com.br\/shop\/wp-content\/uploads\/2021\/11\/IMG_8638-scaled.jpg","datePublished":"2021-11-11T07:24:27+00:00","dateModified":"2025-11-24T20:57:34+00:00","breadcrumb":{"@id":"https:\/\/kilhas.com.br\/shop\/produto\/calcinha-lady-in-black-biodegradavel\/#breadcrumb"},"inLanguage":"pt-BR","potentialAction":[{"@type":"ReadAction","target":["https:\/\/kilhas.com.br\/shop\/produto\/calcinha-lady-in-black-biodegradavel\/"]}]},{"@type":"ImageObject","inLanguage":"pt-BR","@id":"https:\/\/kilhas.com.br\/shop\/produto\/calcinha-lady-in-black-biodegradavel\/#primaryimage","url":"https:\/\/kilhas.com.br\/shop\/wp-content\/uploads\/2021\/11\/IMG_8638-scaled.jpg","contentUrl":"https:\/\/kilhas.com.br\/shop\/wp-content\/uploads\/2021\/11\/IMG_8638-scaled.jpg","width":1707,"height":2560},{"@type":"BreadcrumbList","@id":"https:\/\/kilhas.com.br\/shop\/produto\/calcinha-lady-in-black-biodegradavel\/#breadcrumb","itemListElement":[{"@type":"ListItem","position":1,"name":"In\u00edcio","item":"https:\/\/kilhas.com.br\/shop\/"},{"@type":"ListItem","position":2,"name":"Loja","item":"https:\/\/kilhas.com.br\/shop\/"},{"@type":"ListItem","position":3,"name":"calcinha lady in black biodegrad\u00e1vel"}]},{"@type":"WebSite","@id":"https:\/\/kilhas.com.br\/shop\/#website","url":"https:\/\/kilhas.com.br\/shop\/","name":"Kilhas","description":"","publisher":{"@id":"https:\/\/kilhas.com.br\/shop\/#organization"},"potentialAction":[{"@type":"SearchAction","target":{"@type":"EntryPoint","urlTemplate":"https:\/\/kilhas.com.br\/shop\/?s={search_term_string}"},"query-input":{"@type":"PropertyValueSpecification","valueRequired":true,"valueName":"search_term_string"}}],"inLanguage":"pt-BR"},{"@type":"Organization","@id":"https:\/\/kilhas.com.br\/shop\/#organization","name":"Kilhas","url":"https:\/\/kilhas.com.br\/shop\/","logo":{"@type":"ImageObject","inLanguage":"pt-BR","@id":"https:\/\/kilhas.com.br\/shop\/#\/schema\/logo\/image\/","url":"https:\/\/kilhas.com.br\/shop\/wp-content\/uploads\/2020\/10\/ADESIVOKILHAS-redondo-alta.png","contentUrl":"https:\/\/kilhas.com.br\/shop\/wp-content\/uploads\/2020\/10\/ADESIVOKILHAS-redondo-alta.png","width":1416,"height":1416,"caption":"Kilhas"},"image":{"@id":"https:\/\/kilhas.com.br\/shop\/#\/schema\/logo\/image\/"},"sameAs":["https:\/\/www.facebook.com\/kilhassurf\/","https:\/\/www.instagram.com\/kilhassurf\/","https:\/\/www.youtube.com\/channel\/UC3YaLQ1yULA7lIZ1TOHOIsg"]}]}},"jetpack_sharing_enabled":true,"_links":{"self":[{"href":"https:\/\/kilhas.com.br\/shop\/wp-json\/wp\/v2\/product\/763","targetHints":{"allow":["GET"]}}],"collection":[{"href":"https:\/\/kilhas.com.br\/shop\/wp-json\/wp\/v2\/product"}],"about":[{"href":"https:\/\/kilhas.com.br\/shop\/wp-json\/wp\/v2\/types\/product"}],"wp:featuredmedia":[{"embeddable":true,"href":"https:\/\/kilhas.com.br\/shop\/wp-json\/wp\/v2\/media\/909"}],"wp:attachment":[{"href":"https:\/\/kilhas.com.br\/shop\/wp-json\/wp\/v2\/media?parent=763"}],"wp:term":[{"taxonomy":"product_brand","embeddable":true,"href":"https:\/\/kilhas.com.br\/shop\/wp-json\/wp\/v2\/product_brand?post=763"},{"taxonomy":"product_cat","embeddable":true,"href":"https:\/\/kilhas.com.br\/shop\/wp-json\/wp\/v2\/product_cat?post=763"},{"taxonomy":"product_tag","embeddable":true,"href":"https:\/\/kilhas.com.br\/shop\/wp-json\/wp\/v2\/product_tag?post=763"}],"curies":[{"name":"wp","href":"https:\/\/api.w.org\/{rel}","templated":true}]}}